{"id":428,"date":"2026-03-29T17:47:29","date_gmt":"2026-03-29T15:47:29","guid":{"rendered":"https:\/\/www.gildashop.it\/shop\/?post_type=product&#038;p=428"},"modified":"2026-03-29T17:47:29","modified_gmt":"2026-03-29T15:47:29","slug":"abito-misto-lino-con-ricami-macrame","status":"publish","type":"product","link":"https:\/\/www.gildashop.it\/shop\/index.php\/prodotto\/abito-misto-lino-con-ricami-macrame\/","title":{"rendered":"Abito misto lino con ricami macram\u00e8"},"content":{"rendered":"<p>Abito smanicato in misto lino con ricami macram\u00e8 ,bottoni foderati e cintura intrecciata. Vestibilit\u00e0 regolare<\/p>\n","protected":false},"excerpt":{"rendered":"<p>Abito misto lino con ricami<\/p>\n","protected":false},"featured_media":429,"template":"","meta":[],"product_brand":[],"product_cat":[15,32],"product_tag":[],"class_list":{"0":"post-428","1":"product","2":"type-product","3":"status-publish","4":"has-post-thumbnail","6":"product_cat-abbigliamento-donna","7":"product_cat-vestiti","9":"first","10":"instock","11":"shipping-taxable","12":"purchasable","13":"product-type-variable"},"_links":{"self":[{"href":"https:\/\/www.gildashop.it\/shop\/index.php\/wp-json\/wp\/v2\/product\/428","targetHints":{"allow":["GET"]}}],"collection":[{"href":"https:\/\/www.gildashop.it\/shop\/index.php\/wp-json\/wp\/v2\/product"}],"about":[{"href":"https:\/\/www.gildashop.it\/shop\/index.php\/wp-json\/wp\/v2\/types\/product"}],"wp:featuredmedia":[{"embeddable":true,"href":"https:\/\/www.gildashop.it\/shop\/index.php\/wp-json\/wp\/v2\/media\/429"}],"wp:attachment":[{"href":"https:\/\/www.gildashop.it\/shop\/index.php\/wp-json\/wp\/v2\/media?parent=428"}],"wp:term":[{"taxonomy":"product_brand","embeddable":true,"href":"https:\/\/www.gildashop.it\/shop\/index.php\/wp-json\/wp\/v2\/product_brand?post=428"},{"taxonomy":"product_cat","embeddable":true,"href":"https:\/\/www.gildashop.it\/shop\/index.php\/wp-json\/wp\/v2\/product_cat?post=428"},{"taxonomy":"product_tag","embeddable":true,"href":"https:\/\/www.gildashop.it\/shop\/index.php\/wp-json\/wp\/v2\/product_tag?post=428"}],"curies":[{"name":"wp","href":"https:\/\/api.w.org\/{rel}","templated":true}]}}