{"id":217,"date":"2026-03-27T22:34:21","date_gmt":"2026-03-27T21:34:21","guid":{"rendered":"https:\/\/www.gildashop.it\/shop\/?post_type=product&#038;p=217"},"modified":"2026-03-28T19:24:46","modified_gmt":"2026-03-28T18:24:46","slug":"giacca-macrame-con-cinturino","status":"publish","type":"product","link":"https:\/\/www.gildashop.it\/shop\/index.php\/prodotto\/giacca-macrame-con-cinturino\/","title":{"rendered":"Giacca macram\u00e8 con cinturino"},"content":{"rendered":"<p>Giacca macram\u00e8 taglia unica vestibilit\u00e0 dalla s alla xl. Cinturino in raso ad inserimento facoltativo<\/p>\n","protected":false},"excerpt":{"rendered":"<p>Giacca macram\u00e8 con cinturino raso<\/p>\n","protected":false},"featured_media":218,"template":"","meta":[],"product_brand":[],"product_cat":[41,15,35],"product_tag":[],"class_list":{"0":"post-217","1":"product","2":"type-product","3":"status-publish","4":"has-post-thumbnail","6":"product_cat-camicie-e-bluse","7":"product_cat-abbigliamento-donna","8":"product_cat-giacche-donna","10":"first","11":"instock","12":"shipping-taxable","13":"purchasable","14":"product-type-simple"},"_links":{"self":[{"href":"https:\/\/www.gildashop.it\/shop\/index.php\/wp-json\/wp\/v2\/product\/217","targetHints":{"allow":["GET"]}}],"collection":[{"href":"https:\/\/www.gildashop.it\/shop\/index.php\/wp-json\/wp\/v2\/product"}],"about":[{"href":"https:\/\/www.gildashop.it\/shop\/index.php\/wp-json\/wp\/v2\/types\/product"}],"wp:featuredmedia":[{"embeddable":true,"href":"https:\/\/www.gildashop.it\/shop\/index.php\/wp-json\/wp\/v2\/media\/218"}],"wp:attachment":[{"href":"https:\/\/www.gildashop.it\/shop\/index.php\/wp-json\/wp\/v2\/media?parent=217"}],"wp:term":[{"taxonomy":"product_brand","embeddable":true,"href":"https:\/\/www.gildashop.it\/shop\/index.php\/wp-json\/wp\/v2\/product_brand?post=217"},{"taxonomy":"product_cat","embeddable":true,"href":"https:\/\/www.gildashop.it\/shop\/index.php\/wp-json\/wp\/v2\/product_cat?post=217"},{"taxonomy":"product_tag","embeddable":true,"href":"https:\/\/www.gildashop.it\/shop\/index.php\/wp-json\/wp\/v2\/product_tag?post=217"}],"curies":[{"name":"wp","href":"https:\/\/api.w.org\/{rel}","templated":true}]}}