{"id":1832,"date":"2026-04-17T10:58:18","date_gmt":"2026-04-17T08:58:18","guid":{"rendered":"https:\/\/www.gildashop.it\/shop\/?post_type=product&#038;p=1832"},"modified":"2026-04-20T19:28:13","modified_gmt":"2026-04-20T17:28:13","slug":"maglia-morbida-con-macrame","status":"publish","type":"product","link":"https:\/\/www.gildashop.it\/shop\/index.php\/prodotto\/maglia-morbida-con-macrame\/","title":{"rendered":"Maglia morbida con macram\u00e8"},"content":{"rendered":"<p>Maglia morbida in cotone con inserti in macram\u00e8 sulle maniche e sul fondo. Taglia unica vestibilit\u00e0 dalla M alla XXL<\/p>\n","protected":false},"excerpt":{"rendered":"<p>Maglia morbida in cotone con inserti in macram\u00e8 sulle maniche e sul fondo. Taglia unica vestibilit\u00e0 dalla M alla XXL<\/p>\n","protected":false},"featured_media":1833,"template":"","meta":[],"product_brand":[],"product_cat":[44,15,38,40],"product_tag":[],"class_list":{"0":"post-1832","1":"product","2":"type-product","3":"status-publish","4":"has-post-thumbnail","6":"product_cat-abbigliamento-sportivo-donna","7":"product_cat-abbigliamento-donna","8":"product_cat-maglieria-donna","9":"product_cat-t-shirt-e-top","11":"first","12":"instock","13":"shipping-taxable","14":"purchasable","15":"product-type-variable"},"_links":{"self":[{"href":"https:\/\/www.gildashop.it\/shop\/index.php\/wp-json\/wp\/v2\/product\/1832","targetHints":{"allow":["GET"]}}],"collection":[{"href":"https:\/\/www.gildashop.it\/shop\/index.php\/wp-json\/wp\/v2\/product"}],"about":[{"href":"https:\/\/www.gildashop.it\/shop\/index.php\/wp-json\/wp\/v2\/types\/product"}],"wp:featuredmedia":[{"embeddable":true,"href":"https:\/\/www.gildashop.it\/shop\/index.php\/wp-json\/wp\/v2\/media\/1833"}],"wp:attachment":[{"href":"https:\/\/www.gildashop.it\/shop\/index.php\/wp-json\/wp\/v2\/media?parent=1832"}],"wp:term":[{"taxonomy":"product_brand","embeddable":true,"href":"https:\/\/www.gildashop.it\/shop\/index.php\/wp-json\/wp\/v2\/product_brand?post=1832"},{"taxonomy":"product_cat","embeddable":true,"href":"https:\/\/www.gildashop.it\/shop\/index.php\/wp-json\/wp\/v2\/product_cat?post=1832"},{"taxonomy":"product_tag","embeddable":true,"href":"https:\/\/www.gildashop.it\/shop\/index.php\/wp-json\/wp\/v2\/product_tag?post=1832"}],"curies":[{"name":"wp","href":"https:\/\/api.w.org\/{rel}","templated":true}]}}