{"id":3,"date":"2026-03-12T17:25:16","date_gmt":"2026-03-12T16:25:16","guid":{"rendered":"https:\/\/www.gildashop.it\/shop\/?page_id=3"},"modified":"2026-04-14T20:16:23","modified_gmt":"2026-04-14T18:16:23","slug":"privacy-policy","status":"publish","type":"page","link":"https:\/\/www.gildashop.it\/shop\/index.php\/privacy-policy\/","title":{"rendered":"Privacy Policy"},"content":{"rendered":"\n<h2 class=\"wp-block-heading\">GildaShop.it<\/h2>\n\n\n\n<h2 class=\"wp-block-heading\">Dichiarazione sulla tutela dei dati<\/h2>\n\n\n\n<p>La presente dichiarazione sulla tutela dei dati vi offre una panoramica sul trattamento dei vostri dati presso <strong>GildaShop.it<\/strong>. Essa vale per tutti i siti web, app e altri servizi e prestazioni offerti da <strong>GildaShop.it<\/strong>.<\/p>\n\n\n\n<p>Se avete domande relative alla presente dichiarazione sul trattamento dei dati oppure al trattamento dei dati da parte di <strong>GildaShop.it<\/strong>, potete contattare il Responsabile del trattamento dati all\u2019indirizzo <strong>[inserire email privacy]<\/strong>. Se desiderate far valere il vostro diritto all\u2019informazione o all\u2019oblio ai sensi degli Art. 15-22 RGPD, ivi inclusa la revoca del consenso ai fini di marketing, la disiscrizione dalla newsletter ecc., contattate via mail il Responsabile del trattamento dei dati. Per ulteriori informazioni consultate le sezioni <strong>Quali diritti di tutela dei dati ho<\/strong> e <strong>Contatti<\/strong>.<\/p>\n\n\n\n<h2 class=\"wp-block-heading\">Come leggere la presente dichiarazione sul trattamento dei dati<\/h2>\n\n\n\n<p>Vi offriamo diversi modi di leggere la presente dichiarazione sul trattamento dei dati. In questa sezione, anzitutto, trovate alcune informazioni fondamentali. In seguito abbiamo suddiviso la presente dichiarazione sul trattamento dei dati in capitoli in base ai temi per voi interessanti. Se siete gi\u00e0 &#8220;esperti&#8221;, con il presente men\u00f9 di navigazione potete consultare direttamente i singoli capitoli.<\/p>\n\n\n\n<h2 class=\"wp-block-heading\">Selezione capitoli<\/h2>\n\n\n\n<p>A ogni capitolo abbiamo fatto precedere un breve testo introduttivo. In esso riassumiamo brevemente il contenuto del capitolo. Se volete quindi avere una rapida visione di tutti i trattamenti dei dati vi consigliamo di leggere i testi introduttivi. Se volete conoscere i dettagli potete cliccare su &#8220;leggere di pi\u00f9&#8221; sotto il relativo testo introduttivo. Vi verr\u00e0 mostrato il contenuto integrale del capitolo.<\/p>\n\n\n\n<p>Dove possibile abbiamo rinunciato a riferimenti nel testo. In questo modo ricevete le informazioni in modo completo in qualsiasi capitolo vi troviate. Ci\u00f2 comporta che, se leggete la dichiarazione sul trattamento dei dati dall\u2019inizio alla fine, ci saranno dei passaggi che si ripetono. Non abbiamo potuto evitare tutti i riferimenti nel testo. Ad esempio abbiamo raggruppato tutti i trattamenti specifici dati per paesi in un solo capitolo e facciamo riferimento a tale capitolo, quando vi sono trattamenti dati specifici per paese.<\/p>\n\n\n\n<h2 class=\"wp-block-heading\">Per quali offerte e servizi vale la presente dichiarazione sul trattamento dei dati<\/h2>\n\n\n\n<p>Il tipo e le modalit\u00e0 di trattamento dei dati svolti da <strong>GildaShop.it<\/strong> sono simili per la maggior parte delle nostre offerte. Quindi la presente dichiarazione sul trattamento dei dati vale per tutti i servizi e prestazioni che offriamo ai nostri clienti. Ci\u00f2 vale indipendentemente dalla piattaforma nella quale offriamo il servizio: sito web, app, in punti vendita, al telefono, in manifestazioni oppure tramite social network. Per maggiore semplicit\u00e0 in questi &#8220;casi normali&#8221; usiamo il termine &#8220;servizi&#8221;.<\/p>\n\n\n\n<p>Ci sono per\u00f2 anche servizi, per i quali trattiamo i vostri dati in altro modo o per altri scopi. Ci\u00f2 pu\u00f2 dipendere dal tipo di servizio oppure da requisiti in funzione del paese. Quando ci riferiamo a questi casi, quindi &#8220;deroghe dal caso normale&#8221;, parliamo di &#8220;specifici del servizio&#8221; oppure &#8220;specifici del paese&#8221;.<\/p>\n\n\n\n<p>Infine occorre tenere conto del fatto che <strong>GildaShop.it<\/strong> opera attraverso la propria struttura organizzativa e, ove necessario, pu\u00f2 avvalersi di partner o fornitori di servizi esterni per l\u2019erogazione di determinate prestazioni. Se nel seguito parliamo di <strong>&#8220;GildaShop.it&#8221;<\/strong> oppure di <strong>&#8220;noi&#8221;<\/strong>, intendiamo il titolare del trattamento e gli eventuali soggetti incaricati che trattano i dati per conto nostro nei limiti consentiti dalla legge.<\/p>\n\n\n\n<h2 class=\"wp-block-heading\">Cosa venite a sapere con la presente dichiarazione sul trattamento dei dati<\/h2>\n\n\n\n<ul class=\"wp-block-list\">\n<li>Quali dati vengono memorizzati da <strong>GildaShop.it<\/strong>.<\/li>\n\n\n\n<li>Cosa facciamo con questi dati e a cosa sono necessari.<\/li>\n\n\n\n<li>Quali diritti di tutela dei dati e quali possibilit\u00e0 di scelta avete a disposizione.<\/li>\n\n\n\n<li>Quali tecnologie e quali dati impieghiamo per la personalizzazione e l\u2019adeguamento dei nostri servizi e contenuti, per offrirvi un\u2019esperienza di shopping sicura, semplice, senza interruzioni e individuale.<\/li>\n\n\n\n<li>Quali tecnologie e quali dati impieghiamo per la pubblicit\u00e0, comprese le tecnologie di tracking.<\/li>\n<\/ul>\n\n\n\n<h2 class=\"wp-block-heading\">1. Quali dati vengono trattati da GildaShop.it?<\/h2>\n\n\n\n<p><strong>GildaShop.it<\/strong> offre diversi servizi di cui potete fruire in diversi modi. A seconda che prendiate contatto con noi online, al telefono, di persona o in altro modo entrano in gioco dati diversi da fonti diverse. Molti dei dati che trattiamo ci vengono comunicati da voi stessi mentre fate uso dei nostri servizi, ad esempio quando entrate in contatto con noi e vi registrate indicando il vostro nome, indirizzo email o indirizzo. Riceviamo per\u00f2 anche dati tecnici sugli apparecchi e sull\u2019accesso che vengono rilevati automaticamente durante l\u2019interazione con i nostri servizi. Questi potrebbero riferirsi al tipo di apparecchio che utilizzate. Rileviamo ulteriori dati sulla base di analisi che svolgiamo, ad esempio nell\u2019ambito di ricerche di mercato o nella valutazione dei clienti. Eventualmente riceviamo anche dati di terzi su di voi, per esempio da servizi di informazione economica o agenzie di servizi di pagamento.<\/p>\n\n\n\n<h2 class=\"wp-block-heading\">2. A che scopo GildaShop.it usa i miei dati?<\/h2>\n\n\n\n<p><strong>GildaShop.it<\/strong> tratta i vostri dati nel rispetto di tutte le leggi applicabili in materia di tutela dei dati. Ci\u00f2 facendo ci atteniamo ovviamente ai principi del diritto della tutela dei dati per il trattamento di dati personali. Quindi per principio trattiamo i vostri dati solo agli scopi spiegati nella presente dichiarazione sul trattamento dei dati e dichiarati al momento del loro rilevamento. Questi sono in prima linea lo svolgimento dell\u2019acquisto e la messa a disposizione, personalizzazione e sviluppo come anche la sicurezza del nostro servizio. Oltre a ci\u00f2 utilizziamo i vostri dati, nel rispetto delle norme applicabili, anche per altri scopi, come lo sviluppo di prodotti, la ricerca di mercato per l\u2019ottimizzazione di processi commerciali, l\u2019impostazione adeguata alle necessit\u00e0 dei nostri servizi, come anche la pubblicit\u00e0 personalizzata.<\/p>\n\n\n\n<h2 class=\"wp-block-heading\">3. Servizi personalizzati<\/h2>\n\n\n\n<p>Lo sviluppo e la messa a disposizione di funzionalit\u00e0 e servizi personalizzati per noi ha la massima priorit\u00e0. Indipendentemente dal luogo, dall\u2019orario e dal tipo di apparecchio utilizzato vi offriamo un\u2019esperienza di shopping individuale e un\u2019offerta definita in base ai vostri interessi individuali. Il trattamento dei vostri dati per la personalizzazione dei nostri servizi presso <strong>GildaShop.it<\/strong> \u00e8 una parte integrante dei servizi.<\/p>\n\n\n\n<h2 class=\"wp-block-heading\">4. Informazioni su siti web e app<\/h2>\n\n\n\n<p>Utilizziamo i vostri dati per la messa a disposizione dei siti web e delle app <strong>GildaShop.it<\/strong>. Oltre ai dati di apparecchio e accesso, che si formano durante ogni utilizzo di questi servizi, il tipo di dati trattati e lo scopo del trattamento dipendono in particolare da come utilizzate le funzioni e i servizi messi a disposizione tramite i nostri servizi. Inoltre utilizziamo i dati che si formano durante l\u2019utilizzo dei nostri servizi per scoprire come viene utilizzata la nostra offerta online. Utilizziamo tali informazioni tra l\u2019altro nell\u2019ambito della personalizzazione dello shopping, per migliorare i nostri servizi come anche per la pubblicit\u00e0 personalizzata.<\/p>\n\n\n\n<h2 class=\"wp-block-heading\">5. Informazioni sulle fan page sui social media<\/h2>\n\n\n\n<p><strong>GildaShop.it<\/strong> possiede profili social media, le cosiddette &#8220;fan page&#8221;, sui social network Facebook e Instagram. Sulle nostre fan page pubblichiamo e condividiamo regolarmente contenuti, offerte e consigli. Gli operatori dei social network registrano il vostro comportamento d\u2019uso tramite cookie e tecnologie simili ad ogni interazione sulle nostre fan page o su altri siti Facebook o Instagram. Gli operatori delle fan page possono visualizzare statistiche generali sugli interessi e sulle caratteristiche demografiche, ad esempio et\u00e0, sesso, regione, dei visitatori delle stesse. Quando si utilizzano i social network, la natura, la portata e le finalit\u00e0 del trattamento dei dati sono determinate principalmente dagli operatori dei relativi social network.<\/p>\n\n\n\n<h2 class=\"wp-block-heading\">6. Newsletter<\/h2>\n\n\n\n<p>Offriamo vari servizi di newsletter che includono:<\/p>\n\n\n\n<ul class=\"wp-block-list\">\n<li>contenuti di ispirazione, come aggiornamenti su marchi, tendenze, offerte, vendite, categorie;<\/li>\n\n\n\n<li>promemoria, ad esempio quando un articolo nella lista dei desideri ha un prezzo ridotto, nel caso di articoli dimenticati nel carrello o se si \u00e8 chiesto un promemoria della taglia;<\/li>\n\n\n\n<li>sondaggi per individuare l\u2019indice di gradimento di un articolo acquistato;<\/li>\n\n\n\n<li>suggerimenti personalizzati di articoli che riteniamo potrebbero piacervi in base agli ordini precedentemente inviati e al comportamento di navigazione;<\/li>\n\n\n\n<li>aggiornamenti da influencer o marchi eventualmente seguiti sul nostro sito.<\/li>\n<\/ul>\n\n\n\n<p>Iscrivendosi alla newsletter \u00e8 possibile ricevere alcuni dei servizi della newsletter come descritto sopra, in base allo scopo dell\u2019iscrizione. Esistono anche newsletter specifiche per servizio, le quali sono parte integrante di uno specifico servizio.<\/p>\n\n\n\n<h2 class=\"wp-block-heading\">7. Raccomandazioni di prodotto tramite email e push service<\/h2>\n\n\n\n<p>In relazione ai nostri servizi, vi presentiamo informazioni e offerte di <strong>GildaShop.it<\/strong> in base ai vostri interessi. Potrete ricevere un numero limitato di raccomandazioni individuali sul prodotto, sondaggi, richieste di recensione del prodotto da parte nostra, indipendentemente che siate iscritti o meno ad una newsletter. In conformit\u00e0 alle disposizioni di legge, utilizziamo in via preferenziale i dati relativi a ordini precedenti per selezionare raccomandazioni individuali sul prodotto.<\/p>\n\n\n\n<h2 class=\"wp-block-heading\">8. Buoni acquisto<\/h2>\n\n\n\n<p>Utilizziamo i dati comunicati nell\u2019ambito di un ordine di buoni <strong>GildaShop.it<\/strong> per la verifica e l\u2019evasione dell\u2019ordine come anche per la spedizione e riscossione del buono. Ci\u00f2 comporta anche la verbalizzazione e il trattamento dei dati connessi all\u2019impiego del buono, in particolare allo scopo della prevenzione di frodi.<\/p>\n\n\n\n<h2 class=\"wp-block-heading\">9. Come GildaShop.it usa i miei dati per pubblicit\u00e0?<\/h2>\n\n\n\n<p>Noi e i nostri partner pubblicitari usiamo i vostri dati per la pubblicit\u00e0 personalizzata che vi viene mostrata nei servizi <strong>GildaShop.it<\/strong> e sui siti web e sulle app di altri offerenti. A tale scopo noi e i nostri partner pubblicitari usiamo le tecnologie internet comuni sul mercato. In questo modo possiamo fare pubblicit\u00e0 con maggiore precisione e presentarvi per quanto possibile solo pubblicit\u00e0 e offerte per voi rilevanti. Ci\u00f2 ci permette di rispondere meglio alle esigenze di personalizzazione e di scoperta di nuovi prodotti dei nostri utenti, come anche di interessarli a lungo termine ai nostri servizi tramite un\u2019esperienza di shopping personale.<\/p>\n\n\n\n<h2 class=\"wp-block-heading\">10. A chi vengono inoltrati i miei dati?<\/h2>\n\n\n\n<p><strong>GildaShop.it<\/strong> inoltra dati solo se ci\u00f2 \u00e8 ammesso dal diritto sulla tutela dei dati applicabile. Operiamo in collaborazione particolarmente stretta con alcune societ\u00e0 di servizi, come nel settore del servizio al cliente, con societ\u00e0 tecniche, ad esempio per la gestione di centri di calcolo, o con societ\u00e0 di logistica, ad esempio corrieri come BARTOLINI. Per principio a queste societ\u00e0 \u00e8 permesso elaborare i vostri dati solamente sotto particolari condizioni e su nostro incarico. Per quanto impieghiamo tali aziende come responsabili del trattamento, le societ\u00e0 di servizi ricevono l\u2019autorizzazione all\u2019accesso ai vostri dati solo per l\u2019ambito e per il periodo necessario all\u2019erogazione del rispettivo servizio. Se acquistate prodotti o servizi tramite partner commerciali eventualmente presenti su <strong>GildaShop.it<\/strong>, potremmo trasmettere determinati vostri dati di acquisto al partner interessato, ad esempio il vostro nome e l\u2019indirizzo di consegna, in modo che il partner possa consegnarvi la merce ordinata.<\/p>\n\n\n\n<h2 class=\"wp-block-heading\">11. Quali diritti di tutela dei dati ho?<\/h2>\n\n\n\n<p>Ai rispettivi presupposti legali avete i seguenti diritti legali di tutela dei dati: diritto di informativa, articolo 15 RGPD, diritto di cancellazione, articolo 17 RGPD, diritto di correzione, articolo 16 RGPD, diritto di limitazione del trattamento, articolo 18 RGPD, diritto alla trasferibilit\u00e0 dei dati, articolo 20 RGPD, diritto di ricorso presso un ente pubblico di tutela dei dati, articolo 77 RGPD, diritto di revoca di consensi, articolo 7 capoverso 3 RGPD, come anche il diritto di opposizione contro determinate misure di trattamento dei dati, articolo 21 RGPD. Se desiderate far valere i vostri diritti relativi al trattamento dei dati, potete contattare in qualsiasi momento il Responsabile del trattamento dati all\u2019indirizzo <strong>info@gildashop.it<\/strong> <\/p>\n\n\n\n<p>Ulteriori informazioni sono disponibili nella sezione <a href=\"https:\/\/www.gildashop.it\/shop\/index.php\/termini-condizioni\/\">Termini &amp; Condizioni<\/a>. Per quanto riguarda il diritto di accesso e il diritto alla cancellazione ai sensi degli artt.15 e 17 del RGPD, potete richiedere le informazioni relative ai vostri dati o la cancellazione del vostro account all\u2019interno del vostro account utente, nell\u2019ambito delle impostazioni disponibili.<\/p>\n\n\n\n<h2 class=\"wp-block-heading\">12. Quando vengono cancellati i miei dati?<\/h2>\n\n\n\n<p>Memorizziamo i vostri dati personali fintanto che sono necessari agli scopi della presente dichiarazione sul trattamento dei dati, in particolare per l\u2019adempimento dei nostri obblighi legali e contrattuali. All\u2019occorrenza memorizzeremo i vostri dati personali anche per altri scopi, se e fintanto che la legge ci permette l\u2019ulteriore memorizzazione per determinati scopi, compresa la difesa da richieste giuridiche.<\/p>\n\n\n\n<h2 class=\"wp-block-heading\">13. Come GildaShop.it protegge i miei dati?<\/h2>\n\n\n\n<p>Da noi i vostri dati personali vengono trasmessi in modo sicuro tramite crittografazione. Ci\u00f2 vale anche per la vostra ordinazione e il login cliente. A tale scopo impieghiamo il sistema di codifica SSL, Secure Socket Layer. Inoltre proteggiamo le nostre pagine web e altri sistemi per mezzo di misure di ordine tecnico contro la perdita, distruzione, accesso, manomissione o diffusione dei vostri dati da parte di persone non autorizzate.<\/p>\n\n\n\n<h2 class=\"wp-block-heading\">14. Modifiche della presente dichiarazione sul trattamento dei dati<\/h2>\n\n\n\n<p>Nel corso dello sviluppo dei nostri siti web e delle nostre app e dell\u2019implementazione di nuove tecnologie per migliorare i nostri servizi per voi, possono rendersi necessarie modifiche dei presenti avvisi sulla tutela dei dati. Quindi raccomandiamo di leggere, di tanto in tanto, la presente dichiarazione sul trattamento dei dati.<\/p>\n\n\n\n<h2 class=\"wp-block-heading\">15. Contatti<\/h2>\n\n\n\n<p>All\u2019indirizzo <strong>info@gildashop.it<\/strong> potete contattare, in qualsiasi momento, il nostro team dedicato alla tutela dei dati per quesiti generali oppure per esercitare i vostri diritti.<\/p>\n\n\n\n<h2 class=\"wp-block-heading\">16. Informazioni specifiche sul servizio<\/h2>\n\n\n\n<p>L\u2019elaborazione dati da noi effettuata pu\u00f2 essere diversa da servizio a servizio. Qui potete informarvi sulle differenze specifiche sussistenti.<\/p>\n\n\n\n<h2 class=\"wp-block-heading\">17. Informazioni specifiche per paese<\/h2>\n\n\n\n<p>Le nostre elaborazioni dati possono essere diverse da paese a paese. Qui potete informarvi sulle differenze specifiche per paese.<\/p>\n","protected":false},"excerpt":{"rendered":"<p>GildaShop.it Dichiarazione sulla tutela dei dati La presente dichiarazione sulla tutela dei dati vi offre una panoramica sul trattamento dei vostri dati presso GildaShop.it. Essa vale per tutti i siti web, app e altri servizi e prestazioni offerti da GildaShop.it. Se avete domande relative alla presente dichiarazione sul trattamento dei dati oppure al trattamento dei [&hellip;]<\/p>\n","protected":false},"author":1,"featured_media":0,"parent":0,"menu_order":0,"comment_status":"closed","ping_status":"open","template":"","meta":{"footnotes":""},"class_list":["post-3","page","type-page","status-publish","hentry"],"_links":{"self":[{"href":"https:\/\/www.gildashop.it\/shop\/index.php\/wp-json\/wp\/v2\/pages\/3","targetHints":{"allow":["GET"]}}],"collection":[{"href":"https:\/\/www.gildashop.it\/shop\/index.php\/wp-json\/wp\/v2\/pages"}],"about":[{"href":"https:\/\/www.gildashop.it\/shop\/index.php\/wp-json\/wp\/v2\/types\/page"}],"author":[{"embeddable":true,"href":"https:\/\/www.gildashop.it\/shop\/index.php\/wp-json\/wp\/v2\/users\/1"}],"replies":[{"embeddable":true,"href":"https:\/\/www.gildashop.it\/shop\/index.php\/wp-json\/wp\/v2\/comments?post=3"}],"version-history":[{"count":4,"href":"https:\/\/www.gildashop.it\/shop\/index.php\/wp-json\/wp\/v2\/pages\/3\/revisions"}],"predecessor-version":[{"id":1689,"href":"https:\/\/www.gildashop.it\/shop\/index.php\/wp-json\/wp\/v2\/pages\/3\/revisions\/1689"}],"wp:attachment":[{"href":"https:\/\/www.gildashop.it\/shop\/index.php\/wp-json\/wp\/v2\/media?parent=3"}],"curies":[{"name":"wp","href":"https:\/\/api.w.org\/{rel}","templated":true}]}}